{"id":32,"date":"2009-09-12T10:27:28","date_gmt":"2009-09-12T09:27:28","guid":{"rendered":"http:\/\/www.apelli2.com\/?page_id=32"},"modified":"2014-12-24T19:03:09","modified_gmt":"2014-12-24T18:03:09","slug":"libreria","status":"publish","type":"page","link":"http:\/\/apelli2.com\/?page_id=32","title":{"rendered":"Librer\u00eda"},"content":{"rendered":"<p>Estos son algunos de los libros que dispongo como biblioteca personal relacionados con Genealog\u00eda e historia local:<\/p>\n<p>L&#8217;Her\u00e0ldica Municipal de L&#8217;Horta<br \/>\nCarta de poblament Massamagrell<br \/>\nEl carrers de Meliana: origen i vida<br \/>\nMeliana II<br \/>\nTopon\u00edmia de Meliana<br \/>\nEstudi de la situaci\u00f3 de salut a Meliana 1997<br \/>\nNobiliario Valenciano<br \/>\nNobleza valenciana. Un paseo por la historia<br \/>\nGuia del Archivo del Reino de Valencia<br \/>\nCat\u00e1logo del Archivo y Biblioteca de la iglesia de Sant Bertomeu de Vallada<br \/>\nVallada. Su evoluci\u00f3n urbana entre los siglos XIII al XIX<br \/>\nLa Alberca con nombres y apellidos<br \/>\nEls noms de lloc i de persona del municipi de Teulada<br \/>\nEl llibre del Repartiment. VIII centenari Jaume I<br \/>\nTrenor. La exposici\u00f3n de una gran familia burguesa<br \/>\nInventario de fondos notariales del Real Colegio Seminario de Corpus Christi de Valencia<br \/>\nAvecindados en la ciudad de Valencia en la \u00e9poca medieval. Avehinaments (1308 &#8211; 1478)<br \/>\nPrimer Congr\u00e9s d&#8217;Hist\u00f2ria de la Costera<br \/>\nViejos linajes de Ciudad Real<br \/>\nL&#8217;arxiu parroquial de Santa Maria La Major d&#8217;Oliva<br \/>\nCartograf\u00eda hist\u00f3rica de la ciudad de Valencia (1608-1944)<br \/>\nManuale di araldica ecclesiastica nella chiesa cattolica<\/p>\n<p>Aqu\u00ed incluyo unos enlaces interesantes:<\/p>\n<p><a href=\"http:\/\/dglab.cult.gva.es\/Archivos\/guias\/SAV.Guia.bibl.pdf\">Els arxius valencians<\/a>. [consultado en diciembre de 2014]<\/p>\n<p><a href=\"http:\/\/www.mcu.es\/archivos\/docs\/ArchivosIglesia.pdf\">Gu\u00eda de archivos de la Iglesia<\/a>. [consultado en diciembre de 2014]<\/p>\n<p><a href=\"http:\/\/www.seap.minhap.es\/dms\/es\/publicaciones\/centro_de_publicaciones_de_la_sgt\/Monografias0\/parrafo\/011113\/text_es_files\/Variaciones-INTERNET.pdf\">Variaciones de los municipios de Espa\u00f1a desde 1842<\/a>. [consultado en diciembre de 2014]<\/p>\n","protected":false},"excerpt":{"rendered":"<p>Estos son algunos de los libros que dispongo como biblioteca personal relacionados con Genealog\u00eda e historia local: L&#8217;Her\u00e0ldica Municipal de L&#8217;Horta Carta de poblament Massamagrell El carrers de Meliana: origen i vida Meliana II Topon\u00edmia de Meliana Estudi de la situaci\u00f3 de salut a Meliana 1997 Nobiliario Valenciano Nobleza valenciana. Un paseo por la historia [&hellip;]<\/p>\n","protected":false},"author":1,"featured_media":0,"parent":0,"menu_order":0,"comment_status":"open","ping_status":"open","template":"","meta":{"footnotes":""},"class_list":["post-32","page","type-page","status-publish","hentry"],"_links":{"self":[{"href":"http:\/\/apelli2.com\/index.php?rest_route=\/wp\/v2\/pages\/32","targetHints":{"allow":["GET"]}}],"collection":[{"href":"http:\/\/apelli2.com\/index.php?rest_route=\/wp\/v2\/pages"}],"about":[{"href":"http:\/\/apelli2.com\/index.php?rest_route=\/wp\/v2\/types\/page"}],"author":[{"embeddable":true,"href":"http:\/\/apelli2.com\/index.php?rest_route=\/wp\/v2\/users\/1"}],"replies":[{"embeddable":true,"href":"http:\/\/apelli2.com\/index.php?rest_route=%2Fwp%2Fv2%2Fcomments&post=32"}],"version-history":[{"count":4,"href":"http:\/\/apelli2.com\/index.php?rest_route=\/wp\/v2\/pages\/32\/revisions"}],"predecessor-version":[{"id":80,"href":"http:\/\/apelli2.com\/index.php?rest_route=\/wp\/v2\/pages\/32\/revisions\/80"}],"wp:attachment":[{"href":"http:\/\/apelli2.com\/index.php?rest_route=%2Fwp%2Fv2%2Fmedia&parent=32"}],"curies":[{"name":"wp","href":"https:\/\/api.w.org\/{rel}","templated":true}]}}